{"id":303,"date":"2019-03-05T15:20:09","date_gmt":"2019-03-05T14:20:09","guid":{"rendered":"https:\/\/gemini-augenlaser.at\/en\/?page_id=303"},"modified":"2023-07-25T17:06:10","modified_gmt":"2023-07-25T15:06:10","slug":"contact","status":"publish","type":"page","link":"https:\/\/gemini-augenlaser.at\/en\/contact\/","title":{"rendered":"Contact"},"content":{"rendered":"<h3>We would like to get to know you!<\/h3>\n<p>Therefore we are always available to answer your questions. Call us or fill out the contact form &#8211; we will get back to you reliably!<\/p>\n<h3>How to find us<\/h3>\n<p>Our practice is located in the heart of Vienna and is easily accessible to the public.<\/p>\n<p>Opernring 1, Stiege R, 7th floor<br \/>\nA-1010 Vienna<\/p>\n<p>+43 1 \/ 945 32 67<br \/>\n+43 676 \/ 535 23 32<\/p>\n<p><a href=\"mailto:info@gemini-augenlaser.at\">info@gemini-augenlaser.at<\/a><\/p>\n<p>Subway lines: U1, U2, U4 (exit Karlsplatz)<br \/>\nBus: 59 A (exit K\u00e4rntner Ring\/Oper)<br \/>\nLocal train: Badner Bahn (exit K\u00e4rntner Ring\/Oper)<\/p>\n<p>If you arrive by car, we recommend one of the underground garages nearby:<\/p>\n<p>Parking garage Opernringhof (entrance: Elisabethstra\u00dfe)<br \/>\nK\u00e4rntnerstra\u00dfe underground car park (entrance: K\u00e4rntnerstra\u00dfe 51)<\/p>\n<p>Taxi stands are located in the immediate vicinity of our practice. Of course the Gemini Augenlaser practice is barrier-free accessible.<\/p>\n<h2>Contact form<\/h2>\n<div role=\"form\" class=\"wpcf7\" id=\"wpcf7-f305-o1\" lang=\"en-US\" dir=\"ltr\">\n<div class=\"screen-reader-response\"><p role=\"status\" aria-live=\"polite\" aria-atomic=\"true\"><\/p> <ul><\/ul><\/div>\n<form action=\"\/en\/wp-json\/wp\/v2\/pages\/303#wpcf7-f305-o1\" method=\"post\" class=\"wpcf7-form init\" novalidate=\"novalidate\" data-status=\"init\">\n<div style=\"display: none;\">\n<input type=\"hidden\" name=\"_wpcf7\" value=\"305\" \/>\n<input type=\"hidden\" name=\"_wpcf7_version\" value=\"5.5.3\" \/>\n<input type=\"hidden\" name=\"_wpcf7_locale\" value=\"en_US\" \/>\n<input type=\"hidden\" name=\"_wpcf7_unit_tag\" value=\"wpcf7-f305-o1\" \/>\n<input type=\"hidden\" name=\"_wpcf7_container_post\" value=\"0\" \/>\n<input type=\"hidden\" name=\"_wpcf7_posted_data_hash\" value=\"\" \/>\n<\/div>\n<div class=\"ghf-row\"><span class=\"wpcf7-form-control-wrap your-name\"><input type=\"text\" name=\"your-name\" value=\"\" size=\"40\" class=\"wpcf7-form-control wpcf7-text wpcf7-validates-as-required\" aria-required=\"true\" aria-invalid=\"false\" placeholder=\"Your Name\" \/><\/span><\/div>\n<div class=\"ghf-row\"><span class=\"wpcf7-form-control-wrap E-MailAdresse\"><input type=\"email\" name=\"E-MailAdresse\" value=\"\" size=\"40\" class=\"wpcf7-form-control wpcf7-text wpcf7-email wpcf7-validates-as-required wpcf7-validates-as-email\" aria-required=\"true\" aria-invalid=\"false\" placeholder=\"Your E-Mail Address\" \/><\/span><\/div>\n<div class=\"ghf-row\"><span class=\"wpcf7-form-control-wrap your-message\"><textarea name=\"your-message\" cols=\"40\" rows=\"10\" class=\"wpcf7-form-control wpcf7-textarea wpcf7-validates-as-required\" aria-required=\"true\" aria-invalid=\"false\" placeholder=\"You Message\"><\/textarea><\/span><\/div>\n<div class=\"ghf-row\"><input type=\"submit\" value=\"Send\" class=\"wpcf7-form-control has-spinner wpcf7-submit\" \/><\/div>\n<input type='hidden' class='wpcf7-pum' value='{\"closepopup\":false,\"closedelay\":0,\"openpopup\":false,\"openpopup_id\":0}' \/><div class=\"wpcf7-response-output\" aria-hidden=\"true\"><\/div><\/form><\/div>\n<h2>Map<\/h2>\n","protected":false},"excerpt":{"rendered":"<p>We would like to get to know you! Therefore we are always available to answer your questions. Call us or fill out the contact form &#8211; we will get back to you reliably! How to find us Our practice is located in the heart of Vienna and is easily accessible to the public. Opernring 1, &hellip; <\/p>\n<p class=\"link-more\"><a href=\"https:\/\/gemini-augenlaser.at\/en\/contact\/\" class=\"more-link\">Continue reading<\/a><\/p>\n","protected":false},"author":8,"featured_media":0,"parent":0,"menu_order":0,"comment_status":"open","ping_status":"open","template":"","meta":{"inline_featured_image":false},"_links":{"self":[{"href":"https:\/\/gemini-augenlaser.at\/en\/wp-json\/wp\/v2\/pages\/303"}],"collection":[{"href":"https:\/\/gemini-augenlaser.at\/en\/wp-json\/wp\/v2\/pages"}],"about":[{"href":"https:\/\/gemini-augenlaser.at\/en\/wp-json\/wp\/v2\/types\/page"}],"author":[{"embeddable":true,"href":"https:\/\/gemini-augenlaser.at\/en\/wp-json\/wp\/v2\/users\/8"}],"replies":[{"embeddable":true,"href":"https:\/\/gemini-augenlaser.at\/en\/wp-json\/wp\/v2\/comments?post=303"}],"version-history":[{"count":8,"href":"https:\/\/gemini-augenlaser.at\/en\/wp-json\/wp\/v2\/pages\/303\/revisions"}],"predecessor-version":[{"id":560,"href":"https:\/\/gemini-augenlaser.at\/en\/wp-json\/wp\/v2\/pages\/303\/revisions\/560"}],"wp:attachment":[{"href":"https:\/\/gemini-augenlaser.at\/en\/wp-json\/wp\/v2\/media?parent=303"}],"curies":[{"name":"wp","href":"https:\/\/api.w.org\/{rel}","templated":true}]}}